{"id":422,"date":"2022-10-21T15:26:13","date_gmt":"2022-10-21T15:26:13","guid":{"rendered":"https:\/\/upsmup.rs\/noviupsmup\/?page_id=422"},"modified":"2022-10-21T15:27:41","modified_gmt":"2022-10-21T15:27:41","slug":"zastita-plus","status":"publish","type":"page","link":"https:\/\/upsmup.rs\/noviupsmup\/zastita-plus\/","title":{"rendered":"Za\u0161tita plus"},"content":{"rendered":"<p style=\"text-align: left;\"><span style=\"font-size: 18pt;\">\u00a0<\/span><\/p>\n<p><span style=\"font-size: 14pt; color: #000080;\"><strong><em>Preduze\u0107e Za\u0161tita plus DOO &#8211; Beograd &#8211;\u00a0<\/em><\/strong><strong><em>privredno dru\u0161tvo sa ograni\u010denom odgovorno\u0161\u0107u<\/em><\/strong><\/span><\/p>\n<p style=\"text-align: center;\"><span style=\"font-size: 12pt; color: #993300;\"><strong><em>OSNOVNI OP\u0160TI AKT DRU\u0160TVA JE ODLUKA O ORGANIZOVANJU PRIVREDNOG DRU\u0160TVA<\/em><\/strong><\/span><\/p>\n<p style=\"text-align: center;\"><span style=\"color: #ff0000; font-size: 14pt;\"><em>Prete\u017ena delatnost Dru\u0161tva je klasifikovana pod \u0161ifrom broj 74600 \u2013 tra\u017eenje izgubljenih lica i za\u0161tite &#8211;<\/em>\u00a0<em>fizi\u010dko-tehni\u010dko<\/em>\u00a0<em>obezbedjenje objekata.<\/em>\u00a0<em>Osniva\u010d dru\u0161tva je Udru\u017eenje penzionera Saveznog ministarstva za unutra\u0161nje poslove, Beograd, Bulevar Kralja Aleksandra 298<strong><br \/>\n<\/strong><\/em><\/span><\/p>\n<p><strong><em>\u00a0\u00a0\u00a0<\/em><\/strong><strong><em>\u00a0\u00a0\u00a0<\/em><\/strong><strong><em>\u00a0\u00a0<\/em><\/strong><\/p>\n<p style=\"text-align: center;\"><strong><em>\u00a0\u00a0\u00a0\u00a0\u00a0\u00a0\u00a0\u00a0\u00a0\u00a0\u00a0\u00a0<span style=\"font-size: 14pt; color: #993366;\">Organi dru\u0161tva su SKUP\u0160TINA, DIREKTOR kao poslovodni organ i INTERNI REVIZOR<\/span><\/em><\/strong><\/p>\n<p style=\"text-align: center;\"><strong>\u00a0\u00a0\u00a0\u00a0\u00a0\u00a0\u00a0\u00a0\u00a0<\/strong><strong>\u00a0<\/strong><strong>\u00a0\u00a0<\/strong><span style=\"font-size: 18pt; color: #0000ff;\"><strong>Direktor preduze\u0107a Milovan Lap\u010devi\u0107<\/strong><\/span><\/p>\n<p style=\"text-align: justify;\"><span style=\"font-size: 12pt;\"><strong><img loading=\"lazy\" decoding=\"async\" class=\"size-medium wp-image-424 aligncenter\" src=\"https:\/\/upsmup.rs\/noviupsmup\/wp-content\/uploads\/2022\/10\/zuca-259x300.jpg\" alt=\"\" width=\"259\" height=\"300\" srcset=\"https:\/\/upsmup.rs\/noviupsmup\/wp-content\/uploads\/2022\/10\/zuca-259x300.jpg 259w, https:\/\/upsmup.rs\/noviupsmup\/wp-content\/uploads\/2022\/10\/zuca.jpg 317w\" sizes=\"auto, (max-width: 259px) 100vw, 259px\" \/><\/strong><\/span><\/p>\n<p style=\"text-align: center;\">\u00a0<span style=\"font-size: 14pt;\"><strong><em>D<\/em><\/strong><strong><em><span style=\"color: #800080;\">ru\u0161tvo posluje u skladu sa zakonom,\u00a0<\/span><\/em><span style=\"color: #800080;\">Odlukom o organizovanju,<em>\u00a0op\u0161tim aktima, dobrim poslovnim obi\u010dajima i poslovnim moralom. Dru\u0161tvo obavlja delatnosti radi sticanja dobiti za realizovanje socijalno humanitarnih i drugih ciljeva osniva\u010da.<\/em><\/span><\/strong><\/span><strong><em><span style=\"font-size: 14pt; color: #800080;\">ru\u0161tvo posluje u skladu sa zakonom,\u00a0<\/span><\/em><span style=\"font-size: 14pt; color: #800080;\">Odlukom o organizovanju,<em>\u00a0op\u0161tim aktima, dobrim poslovnim obi\u010dajima i poslovnim moralom. Dru\u0161tvo obavlja delatnosti radi sticanja dobiti za realizovanje socijalno humanitarnih i drugih ciljeva osniva\u010da.<\/em><\/span><\/strong><\/p>\n<p style=\"text-align: center;\"><span style=\"color: #333399; font-size: 12pt;\">Na osnovu \u010dl. 104. &#8211; 183, a u vezi sa \u010dlanom 452. stav 2. Zakona o privrednim dru\u0161tvima (\u201cSlu\u017ebeni glasnik RS\u201d br. 125\/04), i Odluke Skup\u0161tine Udru\u017eenja Saveznog ministarstva za unutra\u0161nje poslove u Beogradu, broj 414 od 16.11. 2006. godine, ovla\u0161\u0107eno lice osniva\u010da Privrednog dru\u0161tva Za\u0161tite plus DOO, 17.11.2006. godine u Beogradu donelo je ODLUKU O ORGANIZOVANJU PRIVREDNOG DRUSTVA ZASTITA PLUS DOO BEOGRAD RADI USKLA\u0110IVANJA SA ZAKONOM O PRIVREDNIM DRU\u0160TVIMA KOJA PREDSTAVLJA I OSNIVA\u010cKI AKT.<\/span><\/p>\n<p style=\"text-align: center;\"><span style=\"font-size: 12pt; color: #003366;\">Osniva\u010d Odlukom broj 261 od 17.11.2006 godine o organizovanju privrednog dru\u0161tva ZA\u0160TITA PLUS DOO BEOGRAD radi uskla\u0111ivanja sa Zakonom o privrednim dru\u0161tvima, koja predstavlja i osniva\u010dki akt, uskla\u0111uje organizovanost Dru\u0161tva sa Zakonom o privrednim dru\u0161tvima na na\u010din i u roku propisanim zakonom. Dru\u0161tvo nastavlja da posluje u pravnoj formi privrednog dru\u0161tva sa ograni\u010denom odgovorno\u0161\u0107u sa jednim \u010dlanom, a \u010dlan Dru\u0161tva ovom Odlukom ure\u0111uje njegovu organizovanost, kao i odnose sa Dru\u0161tvom, u skladu sa zajedni\u010dkim interesima, saglasno zakonu.<\/span><\/p>\n<p style=\"text-align: center;\"><span style=\"font-size: 12pt; color: #003366;\">Odredbama ove Odluke zamenjuju se u celini odredbe Odluke o osnivanju jedno\u010dlanog dru\u0161tva sa ograni\u010denom odgovorno\u0161\u0107u broj 231-11 donete 17.05.2001. godine od strane osniva\u010da, overene u Tre\u0107em op\u0161tinskom sudu u Beogradu dana 06.07.2001. godine, pod Ov. br. 4395\/2001. Dru\u0161tvo je pravno lice i ima pravo da u pravnom prometu sa tre\u0107im licima zaklju\u010duje ugovore i preduzima druge pravne poslove i pravne radnje u okviru predmeta svog poslovanja i svoje pravne i poslovne sposobnosti, u svoje ime i za svoj ra\u010dun.<\/span><\/p>\n<p style=\"text-align: center;\"><span style=\"font-size: 12pt; color: #003366;\">================================================================<\/span><\/p>\n<p style=\"text-align: center;\">\n","protected":false},"excerpt":{"rendered":"<p>\u00a0 Preduze\u0107e Za\u0161tita plus DOO &#8211; Beograd &#8211;\u00a0privredno dru\u0161tvo sa ograni\u010denom odgovorno\u0161\u0107u OSNOVNI OP\u0160TI AKT DRU\u0160TVA JE ODLUKA O ORGANIZOVANJU PRIVREDNOG DRU\u0160TVA Prete\u017ena delatnost Dru\u0161tva je klasifikovana pod \u0161ifrom broj 74600 \u2013 tra\u017eenje izgubljenih lica i za\u0161tite &#8211;\u00a0fizi\u010dko-tehni\u010dko\u00a0obezbedjenje objekata.\u00a0Osniva\u010d dru\u0161tva je Udru\u017eenje penzionera Saveznog ministarstva za unutra\u0161nje poslove, Beograd, Bulevar Kralja Aleksandra 298 \u00a0\u00a0\u00a0\u00a0\u00a0\u00a0\u00a0\u00a0 \u00a0\u00a0\u00a0\u00a0\u00a0\u00a0\u00a0\u00a0\u00a0\u00a0\u00a0\u00a0Organi [&hellip;]<\/p>\n","protected":false},"author":1,"featured_media":0,"parent":0,"menu_order":0,"comment_status":"closed","ping_status":"closed","template":"","meta":{"_lmt_disableupdate":"no","_lmt_disable":"","footnotes":""},"folder":[],"class_list":["post-422","page","type-page","status-publish","hentry"],"_links":{"self":[{"href":"https:\/\/upsmup.rs\/noviupsmup\/wp-json\/wp\/v2\/pages\/422","targetHints":{"allow":["GET"]}}],"collection":[{"href":"https:\/\/upsmup.rs\/noviupsmup\/wp-json\/wp\/v2\/pages"}],"about":[{"href":"https:\/\/upsmup.rs\/noviupsmup\/wp-json\/wp\/v2\/types\/page"}],"author":[{"embeddable":true,"href":"https:\/\/upsmup.rs\/noviupsmup\/wp-json\/wp\/v2\/users\/1"}],"replies":[{"embeddable":true,"href":"https:\/\/upsmup.rs\/noviupsmup\/wp-json\/wp\/v2\/comments?post=422"}],"version-history":[{"count":3,"href":"https:\/\/upsmup.rs\/noviupsmup\/wp-json\/wp\/v2\/pages\/422\/revisions"}],"predecessor-version":[{"id":1052,"href":"https:\/\/upsmup.rs\/noviupsmup\/wp-json\/wp\/v2\/pages\/422\/revisions\/1052"}],"wp:attachment":[{"href":"https:\/\/upsmup.rs\/noviupsmup\/wp-json\/wp\/v2\/media?parent=422"}],"wp:term":[{"taxonomy":"folder","embeddable":true,"href":"https:\/\/upsmup.rs\/noviupsmup\/wp-json\/wp\/v2\/folder?post=422"}],"curies":[{"name":"wp","href":"https:\/\/api.w.org\/{rel}","templated":true}]}}