{"id":427,"date":"2022-10-21T15:31:23","date_gmt":"2022-10-21T15:31:23","guid":{"rendered":"https:\/\/upsmup.rs\/noviupsmup\/?page_id=427"},"modified":"2022-10-21T15:31:23","modified_gmt":"2022-10-21T15:31:23","slug":"organizacija-zastita-plus","status":"publish","type":"page","link":"https:\/\/upsmup.rs\/noviupsmup\/organizacija-zastita-plus\/","title":{"rendered":"Organizacija &#8211; Za\u0161tita plus"},"content":{"rendered":"<p style=\"text-align: left;\"><span style=\"font-size: 18pt;\">Organizacija &#8211; Za\u0161tita plus<strong>\u00a0\u00a0\u00a0<\/strong><\/span><\/p>\n<p style=\"text-align: center;\"><span style=\"font-size: 12pt;\"><span style=\"color: #ff0000;\">Preduze\u0107e Za\u0161tita plus doo. Beograd organizovano je kroz tri sektora rada:<\/span><\/span><\/p>\n<p style=\"text-align: center;\"><span style=\"font-size: 12pt; color: #ff0000;\"><strong>I. DIREKCIJA \u00a0 II. BEZBEDNOSNE USLUGE \u00a0 III. OP\u0160TI I ZAJEDNI\u010cKI POSLOVI<\/strong><\/span><\/p>\n<p><span style=\"font-size: 12pt;\"><strong>\u00a0\u00a0\u00a0\u00a0\u00a0\u00a0\u00a0\u00a0\u00a0\u00a0\u00a0\u00a0\u00a0\u00a0\u00a0\u00a0\u00a0\u00a0\u00a0\u00a0\u00a0\u00a0\u00a0\u00a0\u00a0\u00a0\u00a0\u00a0\u00a0\u00a0\u00a0\u00a0\u00a0\u00a0\u00a0\u00a0\u00a0\u00a0\u00a0\u00a0\u00a0 I. Direkcija &#8211;<\/strong><\/span>\u00a0<strong><span style=\"font-size: 12pt;\">odgovara osniva\u010du za uspe\u0161nost poslovanja i rukovo\u0111enja<\/span><\/strong><\/p>\n<p style=\"text-align: center;\"><span style=\"color: #0000ff; font-size: 12pt;\">Rukovodenje poslovanjem Dru\u0161tva i vodjenje poslovne politike; Organizovanje i rukovo\u0111enje procesom rada i odgovarnost za zakonitost rada Dru\u0161tva; Pra\u0107enje kretanja na tr\u017ei\u0161tu iz oblasti delatnosti Dru\u0161tva; Neograni\u010deno zastupanje i predstavljanje Dru\u0161tva prema tre\u0107im licima, dr\u017eavnim organima i ustanovama; Ugovaranje poslova i zaklju\u010divanje ugovora i staranje o njihovoj realizaciji; Vr\u0161enje kontrole izvr\u0161avanja poslova.<\/span><\/p>\n<p style=\"text-align: left;\"><span style=\"color: #0000ff; font-size: 12pt;\">\u00a0 \u00a0 \u00a0 \u00a0 \u00a0 \u00a0 \u00a0 \u00a0 \u00a0 \u00a0 \u00a0 \u00a0 \u00a0 \u00a0 \u00a0 \u00a0 \u00a0 \u00a0 \u00a0\u00a0<strong><span style=\"color: #000000;\">II<\/span><\/strong>.<\/span><strong><span style=\"font-size: 12pt;\">Bezbednosne usluge<\/span><\/strong><\/p>\n<p style=\"text-align: center;\"><span style=\"font-size: 12pt; color: #993300;\">Pra\u0107enje prou\u010davanje i primenjivanje savremenih dostignu\u0107a iz domena fizi\u010dko &#8211; tehni\u010dkog obezbe\u0111enja; Predlaganje programa i planova iz domena fizi\u010dko \u2013 tehni\u010dkog obezbe\u0111enja i staranje o njihovoj realizaciji; Prou\u010davanje savremenih dostignu\u0107a iz oblasti tehni\u010dke za\u0161tite, kao i drugih tehni\u010dkih sistema i uvo\u0111enje tehni\u010dkih i tehnolo\u0161kih novina u cilju unapre\u0111enja projektovanja i in\u017eenjeringa;Vr\u0161enje rasporeda izvr\u0161ilaca na objektima koji se obezbe\u0111uju; Koordiniranje rada operatera i izvr\u0161ilaca; Obezbe\u0111ivanje stru\u010dnog, kvalitetnog i efikasnog izvr\u0161avanja poslova i pravovremenog ispunjenja preuzetih obaveza; Regulisanje rada, obaveza, na\u010dina postupanja i odgovornosti operatera i izvr\u0161ilaca poslova fizi\u010dko \u2013 tehni\u010dkog obezbe\u0111enja; Sprovo\u0111enje zakonskih propisa koji se odnose na poslove fizi\u010dko \u2013 tehni\u010dkog obezbe\u0111enja; Staranje o pravilnoj upotrebi i ispavnom funkcionisanju sredstava veze i drugih tehni\u010dkih sredstava, koja se koriste na poslovima fizi\u010dko \u2013 tehni\u010dkog obezbe\u0111enja; Planiranje i sprovo\u0111enje marketin\u0161kih aktivnosti; Zaklju\u010divanje ugovora i pracenje njihovog sprovo\u0111enja; Sprovo\u0111enje mera za\u0161tite na radu u oblasti fizi\u010dko \u2013 tehni\u010dkog obezbe\u0111enja.<\/span><\/p>\n<p><strong>\u00a0\u00a0\u00a0\u00a0\u00a0\u00a0\u00a0\u00a0 \u00a0 \u00a0 \u00a0 \u00a0 \u00a0 \u00a0 \u00a0 \u00a0 \u00a0 \u00a0 \u00a0 \u00a0 \u00a0 \u00a0 \u00a0 \u00a0 \u00a0 \u00a0<span style=\"font-size: 12pt;\">\u00a0II\/a Op\u0161ta i specijalna obuka za dobijanje odgovaraju\u0107ih licenci<\/span><\/strong><\/p>\n<p style=\"text-align: center;\"><span style=\"font-size: 12pt; color: #ff0000;\">Organizivanje i sprovo\u0111enje obuke za dobijanje odgovaraju\u0107oh licenci za rad u skladu sa ovla\u0161\u0107enjen nadle\u017enog organa; Organizivanje kondiciono-trena\u017ene obuke\u00a0 u skladu sa va\u017ee\u0107im propisima; Organizovanje ugovorene obuke za korisnike usluga; Razvoj i sprovo\u0111enje\u00a0 programa obuke.<\/span><\/p>\n<p><strong>\u00a0\u00a0\u00a0\u00a0\u00a0\u00a0\u00a0\u00a0\u00a0\u00a0\u00a0\u00a0\u00a0\u00a0\u00a0\u00a0\u00a0\u00a0\u00a0\u00a0\u00a0\u00a0\u00a0\u00a0\u00a0\u00a0\u00a0\u00a0\u00a0\u00a0\u00a0\u00a0\u00a0\u00a0\u00a0\u00a0\u00a0\u00a0\u00a0\u00a0\u00a0\u00a0\u00a0\u00a0\u00a0\u00a0<span style=\"font-size: 12pt;\">III. Opsti i zajednilki poslovi<br \/>\n<\/span><\/strong><\/p>\n<p style=\"text-align: center;\"><span style=\"font-size: 12pt; color: #008000;\">Pru\u017eanje stru\u010dne pomo\u0107i u radu; Pra\u0107enje, prou\u010davanje i primenjivanje odgovaraju\u0107ih propisa; Istra\u017eivanje i obrada tr\u017ei\u0161ta; Predlaganje mera u cilju pobolj\u0161anja poslovanja; Vodjenje potrebne evidencije i dokumentacije; Procenjivanje\u00a0 rizika u za\u0161titi lica, imovine i poslovanja; Obavljanje poslova predvi\u0111enih propisima o bezbednosti i zdravlju na radu i u radnoj okolini; Obavljanje poslove utrv\u0111enih propisima o za\u0161titi od po\u017eara; Vr\u0161enje procene rizika od elementarnih nepogoda i drugih nesre\u0107a.<\/span><\/p>\n","protected":false},"excerpt":{"rendered":"<p>Organizacija &#8211; Za\u0161tita plus\u00a0\u00a0\u00a0 Preduze\u0107e Za\u0161tita plus doo. Beograd organizovano je kroz tri sektora rada: I. DIREKCIJA \u00a0 II. BEZBEDNOSNE USLUGE \u00a0 III. OP\u0160TI I ZAJEDNI\u010cKI POSLOVI \u00a0\u00a0\u00a0\u00a0\u00a0\u00a0\u00a0\u00a0\u00a0\u00a0\u00a0\u00a0\u00a0\u00a0\u00a0\u00a0\u00a0\u00a0\u00a0\u00a0\u00a0\u00a0\u00a0\u00a0\u00a0\u00a0\u00a0\u00a0\u00a0\u00a0\u00a0\u00a0\u00a0\u00a0\u00a0\u00a0\u00a0\u00a0\u00a0\u00a0\u00a0 I. Direkcija &#8211;\u00a0odgovara osniva\u010du za uspe\u0161nost poslovanja i rukovo\u0111enja Rukovodenje poslovanjem Dru\u0161tva i vodjenje poslovne politike; Organizovanje i rukovo\u0111enje procesom rada i odgovarnost za zakonitost rada Dru\u0161tva; [&hellip;]<\/p>\n","protected":false},"author":1,"featured_media":0,"parent":0,"menu_order":0,"comment_status":"closed","ping_status":"closed","template":"","meta":{"_lmt_disableupdate":"","_lmt_disable":"","footnotes":""},"folder":[],"class_list":["post-427","page","type-page","status-publish","hentry"],"_links":{"self":[{"href":"https:\/\/upsmup.rs\/noviupsmup\/wp-json\/wp\/v2\/pages\/427","targetHints":{"allow":["GET"]}}],"collection":[{"href":"https:\/\/upsmup.rs\/noviupsmup\/wp-json\/wp\/v2\/pages"}],"about":[{"href":"https:\/\/upsmup.rs\/noviupsmup\/wp-json\/wp\/v2\/types\/page"}],"author":[{"embeddable":true,"href":"https:\/\/upsmup.rs\/noviupsmup\/wp-json\/wp\/v2\/users\/1"}],"replies":[{"embeddable":true,"href":"https:\/\/upsmup.rs\/noviupsmup\/wp-json\/wp\/v2\/comments?post=427"}],"version-history":[{"count":1,"href":"https:\/\/upsmup.rs\/noviupsmup\/wp-json\/wp\/v2\/pages\/427\/revisions"}],"predecessor-version":[{"id":428,"href":"https:\/\/upsmup.rs\/noviupsmup\/wp-json\/wp\/v2\/pages\/427\/revisions\/428"}],"wp:attachment":[{"href":"https:\/\/upsmup.rs\/noviupsmup\/wp-json\/wp\/v2\/media?parent=427"}],"wp:term":[{"taxonomy":"folder","embeddable":true,"href":"https:\/\/upsmup.rs\/noviupsmup\/wp-json\/wp\/v2\/folder?post=427"}],"curies":[{"name":"wp","href":"https:\/\/api.w.org\/{rel}","templated":true}]}}