{"id":70,"date":"2020-01-28T06:55:07","date_gmt":"2020-01-28T06:55:07","guid":{"rendered":"https:\/\/demo.themeansar.com\/newsup\/lite\/?page_id=70"},"modified":"2022-10-21T15:47:35","modified_gmt":"2022-10-21T15:47:35","slug":"kontakt","status":"publish","type":"page","link":"https:\/\/upsmup.rs\/noviupsmup\/kontakt\/","title":{"rendered":"Kontakt"},"content":{"rendered":"<p style=\"text-align: center;\"><span style=\"font-size: 18pt; color: #333399;\"><em><strong>Pozivamo na\u0161e sada\u0161nje i potencijalne\u00a0<\/strong><\/em><em><strong>\u010d<\/strong><\/em><em><strong>lanove, posetioce i prijatelje da nam se jave sa svojim predlozima, idejama, sugestijama, kritikama ili pohvalama u odnosu na na\u0161e programske aktivnosti i zalaganje da nam \u017eivot bude \u0161to aktivniji i bolji<\/strong><\/em><\/span>\u00a0<\/p>\n<p><span style=\"font-size: 18pt; color: #ff0000;\"><em>KONTAKTI<\/em><\/span><\/p>\n<p>&nbsp;<\/p>\n<p><span style=\"color: #0000ff;\"><span style=\"font-size: 18pt;\"><em><span style=\"font-size: 14pt;\">UDRUZENJE PENZIONERA SAVEZNI MUP:<\/span>\u00a0<\/em><\/span><span style=\"font-size: 14pt;\"><em><span style=\"font-size: 18pt;\">E-mail:\u00a0<span style=\"color: #ff0000;\">sekretarupsmup@gmail.com\u00a0\u00a0\u00a0\u00a0\u00a0\u00a0\u00a0E-mail:\u00a0<\/span><\/span><span style=\"font-size: 18pt; color: #ff0000;\"><span id=\"cloak589ae4d4bbc002101e701de3611b753b\"><a style=\"color: #ff0000;\" href=\"mailto:upssupbg@gmail.com\">upssupbg@gmail.com<\/a><\/span><\/span><\/em><\/span><\/span><\/p>\n<p><span style=\"color: #0000ff;\"><em><span style=\"font-size: 18pt;\"><span style=\"font-size: 14pt;\">SAVEZ PENZIONERA SRBIJE:<\/span>\u00a0E-mail:<span style=\"color: #333399;\"><span style=\"color: #ff0000;\"><a style=\"color: #ff0000;\" href=\"mailto:spsrbije@sbb.rs\" rel=\"alternate\">spsrbije<wbr \/>@sbb.rs<\/a><\/span>\u00a0<\/span>\u00a0\u00a0<\/span><\/em><\/span><\/p>\n<p><span style=\"font-size: 12pt; color: #0000ff;\"><em><span style=\"font-size: 18pt;\"><span style=\"font-size: 14pt;\">GRADSKI ODBOR PENZIONERA BEOGRADA:<\/span>\u00a0E-mail:<span style=\"color: #ff0000;\"><a style=\"color: #ff0000;\" title=\"penzioneribgd@gmail.com\" href=\"mailto:penzioneribgd@gmail.com\" rel=\"alternate\">penzioneribgd<wbr \/>@gmail.com<\/a><\/span><\/span><\/em><\/span><\/p>\n<p><span style=\"font-size: 18pt; color: #0000ff;\"><span style=\"font-size: 14pt;\">BEOGRADSKI POKRET TRECEG DOBA DORCOLIJADA: E-<\/span>mail:<span style=\"color: #ff0000;\"><em><span id=\"cloak8ae89bbef341bec1fbddda587f396c1e\"><a href=\"mailto:dorcolijada@gmail.com\">dorcolijada@gmail.com<\/a><\/span><\/em><\/span><\/span><\/p>\n<p><em><span style=\"font-size: 18pt; color: #0000ff;\">LINKOVI<\/span><strong><br \/><\/strong><\/em><\/p>\n<p><em><span style=\"font-size: 18pt; color: #0000ff;\">Republi\u010dki fond za penzijsko i invalidsko osiguranje Republike Srbije:\u00a0<span style=\"color: #ff0000;\"><a style=\"color: #ff0000;\" href=\"http:\/\/www.pio.rs\" rel=\"alternate\">www.pio.rs<\/a><\/span><\/span><\/em><\/p>\n<p><span style=\"font-size: 18pt; color: #0000ff;\"><em>Republika Srbija:\u00a0<\/em><span style=\"color: #ff0000;\"><a style=\"color: #ff0000;\" href=\"http:\/\/www.srbija.gov.rs\" rel=\"alternate\"><em>www.srbija.gov.rs<\/em><\/a><\/span><\/span><\/p>\n<p><span style=\"font-size: 18pt; color: #0000ff;\"><em>Grad Beograd:\u00a0<span style=\"color: #ff0000;\"><a style=\"color: #ff0000;\" href=\"http:\/\/www.beograd.rs\" rel=\"alternate\">www.beograd.rs<\/a><\/span><\/em><\/span><\/p>\n<p><span style=\"font-size: 18pt; color: #0000ff;\"><em><span style=\"color: #ff0000;\"><span style=\"color: #0000ff;\">Savez penzionera Srbije:<\/span>\u00a0<a title=\"Savez penzionera Srbije\" href=\"http:\/\/www.sapens.rs\" rel=\"alternate\">www.sapens.rs<\/a><br \/><\/span><\/em><\/span><\/p>\n<p><span style=\"font-size: 18pt;\"><em><span style=\"color: #0000ff;\">Udru\u017eenje penzionera Savezni MUP:\u00a0<\/span><span style=\"color: #ff0000;\"><a style=\"color: #ff0000;\" href=\"http:\/\/www.upsmup.rs\" rel=\"alternate\">www.upsmup.rs<\/a><\/span><\/em><\/span><\/p>\n<p><span style=\"font-size: 18pt;\"><em><span style=\"color: #ff0000;\"><span style=\"color: #0000ff;\">Beogradski pokret treceg dona Dorcolijada:<\/span>\u00a0<a style=\"color: #ff0000;\" title=\"Dorcolijada\" href=\"http:\/\/www.dorcolijada.com\" rel=\"alternate\">www.dorcolijada.com<\/a><br \/><\/span><\/em><\/span><\/p>\n<p>&nbsp;<\/p>\n<p><span style=\"font-size: 12pt; color: #0000ff;\"><em><span style=\"font-size: 14pt;\"><span style=\"font-size: 18pt;\">UREDNI\u0160TVO WEBSAJTA UP SMUP<\/span><\/span><\/em><\/span><\/p>\n<p><span style=\"font-size: 18pt; color: #0000ff;\"><em>Du\u0161an Maksimovi\u0107, Glavni i odgovorni urednik, E-mail:\u00a0<span style=\"color: #ff0000;\"><span id=\"cloak8a2befd8c1eb010476766a2f8a18a724\"><a style=\"color: #ff0000;\" href=\"mailto:sekratarupsmup@gmail.com\" rel=\"alternate\">sekratarupsmup@gmail.com<\/a><\/span><\/span><\/em><\/span><\/p>\n<p><span style=\"font-size: 12pt; color: #0000ff;\"><em><span style=\"font-size: 18pt;\">Vladimir Jestratijevic<\/span><\/em><\/span><span style=\"font-size: 12pt; color: #0000ff;\"><em><span style=\"font-size: 18pt;\">, Clan Upravnog odbora, E-mail:\u00a0<span style=\"font-size: 18pt; color: #0000ff;\"><span style=\"color: #ff0000;\"><span id=\"cloak8a2befd8c1eb010476766a2f8a18a724\"><a style=\"color: #ff0000;\" href=\"mailto:sekratarupsmup@gmail.com\" rel=\"alternate\">sekratarupsmup@gmail.com<\/a><\/span><\/span><\/span><br \/><\/span><\/em><\/span><\/p>\n<p><span style=\"font-size: 18pt; color: #0000ff;\"><em>Vladimir Ko\u0161uti\u0107, Predsednik Komisije za dru\u0161tvene aktivnosti, E-mail:<span style=\"color: #ff0000;\"><span id=\"cloak40711aae59fa9059169bfc44337cb6b3\"><a style=\"color: #ff0000;\" href=\"mailto:miskosutic@gmail.com\" rel=\"alternate\">miskosutic@gmail.com<\/a><\/span><\/span><\/em><\/span><\/p>\n<p>&nbsp;<\/p>\n","protected":false},"excerpt":{"rendered":"<p>Pozivamo na\u0161e sada\u0161nje i potencijalne\u00a0\u010dlanove, posetioce i prijatelje da nam se jave sa svojim predlozima, idejama, sugestijama, kritikama ili pohvalama u odnosu na na\u0161e programske aktivnosti i zalaganje da nam \u017eivot bude \u0161to aktivniji i bolji\u00a0 KONTAKTI &nbsp; UDRUZENJE PENZIONERA SAVEZNI MUP:\u00a0E-mail:\u00a0sekretarupsmup@gmail.com\u00a0\u00a0\u00a0\u00a0\u00a0\u00a0\u00a0E-mail:\u00a0upssupbg@gmail.com SAVEZ PENZIONERA SRBIJE:\u00a0E-mail:spsrbije@sbb.rs\u00a0\u00a0\u00a0 GRADSKI ODBOR PENZIONERA BEOGRADA:\u00a0E-mail:penzioneribgd@gmail.com BEOGRADSKI POKRET TRECEG DOBA DORCOLIJADA: E-mail:dorcolijada@gmail.com [&hellip;]<\/p>\n","protected":false},"author":1,"featured_media":0,"parent":0,"menu_order":0,"comment_status":"closed","ping_status":"closed","template":"","meta":{"_lmt_disableupdate":"no","_lmt_disable":"","footnotes":""},"folder":[],"class_list":["post-70","page","type-page","status-publish","hentry"],"_links":{"self":[{"href":"https:\/\/upsmup.rs\/noviupsmup\/wp-json\/wp\/v2\/pages\/70","targetHints":{"allow":["GET"]}}],"collection":[{"href":"https:\/\/upsmup.rs\/noviupsmup\/wp-json\/wp\/v2\/pages"}],"about":[{"href":"https:\/\/upsmup.rs\/noviupsmup\/wp-json\/wp\/v2\/types\/page"}],"author":[{"embeddable":true,"href":"https:\/\/upsmup.rs\/noviupsmup\/wp-json\/wp\/v2\/users\/1"}],"replies":[{"embeddable":true,"href":"https:\/\/upsmup.rs\/noviupsmup\/wp-json\/wp\/v2\/comments?post=70"}],"version-history":[{"count":2,"href":"https:\/\/upsmup.rs\/noviupsmup\/wp-json\/wp\/v2\/pages\/70\/revisions"}],"predecessor-version":[{"id":439,"href":"https:\/\/upsmup.rs\/noviupsmup\/wp-json\/wp\/v2\/pages\/70\/revisions\/439"}],"wp:attachment":[{"href":"https:\/\/upsmup.rs\/noviupsmup\/wp-json\/wp\/v2\/media?parent=70"}],"wp:term":[{"taxonomy":"folder","embeddable":true,"href":"https:\/\/upsmup.rs\/noviupsmup\/wp-json\/wp\/v2\/folder?post=70"}],"curies":[{"name":"wp","href":"https:\/\/api.w.org\/{rel}","templated":true}]}}